{"id":2,"date":"2016-05-10T03:48:21","date_gmt":"2016-05-10T03:48:21","guid":{"rendered":"http:\/\/wp452m.a10-52-158-154.qa.plesk.ru\/wordpress\/?page_id=2"},"modified":"2025-03-31T20:11:31","modified_gmt":"2025-03-31T17:11:31","slug":"sample-page","status":"publish","type":"page","link":"https:\/\/lammintalo.com\/?page_id=2","title":{"rendered":"Lammin Talo"},"content":{"rendered":"<p>[et_pb_section bb_built=&#8221;1&#8243; admin_label=&#8221;Section&#8221; fullwidth=&#8221;on&#8221; specialty=&#8221;off&#8221;][et_pb_fullwidth_header admin_label=&#8221;Fullwidth Header&#8221; title=&#8221;Koe aitoa tunnelmaa Lammin Talolla&#8221; background_layout=&#8221;dark&#8221; text_orientation=&#8221;center&#8221; header_fullscreen=&#8221;on&#8221; header_scroll_down=&#8221;off&#8221; background_url=&#8221;http:\/\/lammintalo.com\/wp-content\/uploads\/2016\/05\/headerkuva.jpg&#8221; parallax=&#8221;off&#8221; parallax_method=&#8221;off&#8221; content_orientation=&#8221;center&#8221; image_orientation=&#8221;center&#8221; title_font=&#8221;Satisfy||||&#8221; title_font_size=&#8221;76px&#8221; custom_button_one=&#8221;off&#8221; button_one_letter_spacing=&#8221;0&#8243; button_one_use_icon=&#8221;default&#8221; button_one_icon_placement=&#8221;right&#8221; button_one_on_hover=&#8221;on&#8221; button_one_letter_spacing_hover=&#8221;0&#8243; custom_button_two=&#8221;off&#8221; button_two_letter_spacing=&#8221;0&#8243; button_two_use_icon=&#8221;default&#8221; button_two_icon_placement=&#8221;right&#8221; button_two_on_hover=&#8221;on&#8221; button_two_letter_spacing_hover=&#8221;0&#8243; background_image=&#8221;http:\/\/lammintalo.com\/wp-content\/uploads\/2016\/05\/headerkuva.jpg&#8221; _builder_version=&#8221;3.0.76&#8243; \/][\/et_pb_section]<\/p>\n\n\n<p>[et_pb_section bb_built=&#8221;1&#8243; admin_label=&#8221;Section&#8221; fullwidth=&#8221;off&#8221; specialty=&#8221;off&#8221;][et_pb_row admin_label=&#8221;Row&#8221; background_position=&#8221;top_left&#8221; background_repeat=&#8221;repeat&#8221; background_size=&#8221;initial&#8221;][et_pb_column type=&#8221;1_3&#8243;][et_pb_image admin_label=&#8221;Image&#8221; src=&#8221;http:\/\/lammintalo.com\/wp-content\/uploads\/2016\/05\/juhlia-20-vuotta-1.jpg&#8221; show_in_lightbox=&#8221;off&#8221; url_new_window=&#8221;off&#8221; use_overlay=&#8221;off&#8221; animation=&#8221;left&#8221; sticky=&#8221;off&#8221; align=&#8221;left&#8221; force_fullwidth=&#8221;off&#8221; always_center_on_mobile=&#8221;on&#8221; use_border_color=&#8221;off&#8221; border_color=&#8221;#ffffff&#8221; border_style=&#8221;solid&#8221; animation_direction=&#8221;left&#8221; animation_style=&#8221;slide&#8221; animation_duration=&#8221;500ms&#8221; animation_intensity_slide=&#8221;10%&#8221; \/][\/et_pb_column][et_pb_column type=&#8221;2_3&#8243;][et_pb_text admin_label=&#8221;Text&#8221; background_layout=&#8221;light&#8221; text_orientation=&#8221;left&#8221; use_border_color=&#8221;off&#8221; border_color=&#8221;#ffffff&#8221; border_style=&#8221;solid&#8221; text_font_size=&#8221;16&#8243; module_alignment=&#8221;left&#8221; background_position=&#8221;top_left&#8221; background_repeat=&#8221;repeat&#8221; background_size=&#8221;initial&#8221;]<\/p>\n<p>&nbsp;<\/p>\n<p>&nbsp;<\/p>\n<p>Lammin Talo luo upeat puitteet tilaisuudellesi; olitpa sitten j\u00e4rjest\u00e4m\u00e4ss\u00e4 kokousta, koulutustilaisuutta, yrityksesi virkistysp\u00e4iv\u00e4\u00e4, unelmah\u00e4it\u00e4, risti\u00e4isi\u00e4, syntym\u00e4p\u00e4iv\u00e4juhlia, perhejuhlia, muistotilaisuutta&#8230;<\/p>\n<p>Lammin Talo is\u00e4nt\u00e4v\u00e4kineen tarjoaa kaiken, mit\u00e4 tarvitset onnistuneen tilaisuuden j\u00e4rjest\u00e4miseen \u2013 tietenkin toiveidesi mukaan r\u00e4\u00e4t\u00e4l\u00f6ityn\u00e4!<br \/>\nSaat samassa paketissa sek\u00e4 upeat tilat, herkulliset p\u00f6yd\u00e4nantimet sek\u00e4 rentouttavat ja viihdytt\u00e4v\u00e4t ohjelmapalvelut.<\/p>\n<p>P\u00e4\u00e4rakennuksessa k\u00e4yt\u00f6ss\u00e4si on tyylik\u00e4s ja tilava sali juhla- sek\u00e4 kokousk\u00e4ytt\u00f6\u00f6n (noin 30 henkil\u00f6lle) sek\u00e4 nelj\u00e4 vieh\u00e4tt\u00e4v\u00e4\u00e4 makuukamaria y\u00f6pymiseen. Tupakeitti\u00f6 on varustettu ruokailujen ja kahvitusten j\u00e4rjest\u00e4mist\u00e4 varten.<br \/>\nKokous- ja koulutustilaisuuksiin on k\u00e4ytett\u00e4viss\u00e4 kokousv\u00e4lineist\u00f6\u00e4. Talosta l\u00f6ytyy my\u00f6s rauhallisia tiloja esimerkiksi ryhm\u00e4ty\u00f6skentely\u00e4 varten.<\/p>\n<p>Lammin Talon uudistunut tallirakennus (noin 120 henkil\u00f6\u00e4) soveltuu l\u00e4hes ymp\u00e4rivuotiseen, niin juhla- kuin kokousk\u00e4ytt\u00f6\u00f6n. (Katso Kuvia)<\/p>\n<p>Lammin Talon vanha hirsisauna on kunnostettu ja tarjoaa leppoisan pehme\u00e4t l\u00f6ylyt. Vanhanajan saunakulttuuria ja rentoutusta mukavassa tunnelmassa.<\/p>\n<p>Nyt my\u00f6s juuri valmistunut hirsihuvila Villa Kallio meren rannalla upein merin\u00e4k\u00f6aloin vuokrattavissa pieniin tilaisuuksiin noin puolen tunnin ajomatkan p\u00e4\u00e4ss\u00e4 Turusta. Lis\u00e4tietoa sivun yl\u00e4osan alasvalikon artikkelista.<\/p>\n<p>Soita ja kysy lis\u00e4\u00e4, suunnitellaan yhdess\u00e4 el\u00e4m\u00e4si tilaisuus!<\/p>\n<p>[\/et_pb_text][\/et_pb_column][\/et_pb_row][\/et_pb_section]<\/p>\n\n\n<p>[et_pb_section bb_built=&#8221;1&#8243; admin_label=&#8221;Section&#8221; fullwidth=&#8221;off&#8221; specialty=&#8221;off&#8221;][et_pb_row admin_label=&#8221;Row&#8221; background_position=&#8221;top_left&#8221; background_repeat=&#8221;repeat&#8221; background_size=&#8221;initial&#8221;][et_pb_column type=&#8221;1_2&#8243;][et_pb_gallery admin_label=&#8221;Gallery&#8221; gallery_ids=&#8221;80,70,67,61,72,79,77&#8243; fullwidth=&#8221;on&#8221; show_title_and_caption=&#8221;on&#8221; show_pagination=&#8221;on&#8221; background_layout=&#8221;light&#8221; auto=&#8221;off&#8221; hover_overlay_color=&#8221;rgba(255,255,255,0.9)&#8221; caption_all_caps=&#8221;off&#8221; use_border_color=&#8221;off&#8221; border_color=&#8221;#ffffff&#8221; border_style=&#8221;solid&#8221; \/][\/et_pb_column][et_pb_column type=&#8221;1_2&#8243;][et_pb_blurb title=&#8221;Aitoa tunnelmaa&#8221; url_new_window=&#8221;off&#8221; use_icon=&#8221;off&#8221; icon_color=&#8221;#7EBEC5&#8243; use_circle=&#8221;off&#8221; circle_color=&#8221;#7EBEC5&#8243; use_circle_border=&#8221;off&#8221; circle_border_color=&#8221;#7EBEC5&#8243; icon_placement=&#8221;top&#8221; animation=&#8221;top&#8221; background_layout=&#8221;light&#8221; text_orientation=&#8221;left&#8221; use_icon_font_size=&#8221;off&#8221; header_font=&#8221;Satisfy||||&#8221; header_font_size=&#8221;30&#8243; body_font_size=&#8221;16&#8243; body_font_size_last_edited=&#8221;on|&#8221; use_border_color=&#8221;off&#8221; border_color=&#8221;#ffffff&#8221; border_style=&#8221;solid&#8221; background_position=&#8221;top_left&#8221; background_repeat=&#8221;repeat&#8221; background_size=&#8221;initial&#8221;]<\/p>\n<p>Lammin tila sijaitsee puolen tunnin ajomatkan p\u00e4\u00e4ss\u00e4 Turusta. Luonnonrauhaa ja siisteytt\u00e4 arvostavalle talo ja ymp\u00e4rist\u00f6 tarjoavat mahdollisuuden j\u00e4rjest\u00e4\u00e4 onnistuneita tilaisuuksia. Lammin tilan p\u00e4\u00e4rakennus, Lammin Talo, on peruskorjattu vuonna 2002 t\u00e4ysin nykyajan vaatimuksia vastaavaksi &#8211; mutta vahvasti perinteit\u00e4 kunnioittaen.<\/p>\n<p>(Katso lis\u00e4\u00e4 kuvia klikkaamalla)<\/p>\n<p>[\/et_pb_blurb][\/et_pb_column][\/et_pb_row][\/et_pb_section]<\/p>\n\n\n<p>[et_pb_section bb_built=&#8221;1&#8243; admin_label=&#8221;Section&#8221; fullwidth=&#8221;off&#8221; specialty=&#8221;off&#8221;][et_pb_row admin_label=&#8221;Row&#8221; background_position=&#8221;top_left&#8221; background_repeat=&#8221;repeat&#8221; background_size=&#8221;initial&#8221;][et_pb_column type=&#8221;1_2&#8243;][et_pb_blurb title=&#8221;Hyv\u00e4\u00e4 ruokaa&#8221; url_new_window=&#8221;off&#8221; use_icon=&#8221;off&#8221; icon_color=&#8221;#7EBEC5&#8243; use_circle=&#8221;off&#8221; circle_color=&#8221;#7EBEC5&#8243; use_circle_border=&#8221;off&#8221; circle_border_color=&#8221;#7EBEC5&#8243; icon_placement=&#8221;top&#8221; animation=&#8221;top&#8221; background_layout=&#8221;light&#8221; text_orientation=&#8221;left&#8221; use_icon_font_size=&#8221;off&#8221; header_font=&#8221;Satisfy||||&#8221; header_font_size=&#8221;30&#8243; body_font_size=&#8221;16&#8243; body_font_size_last_edited=&#8221;on|&#8221; use_border_color=&#8221;off&#8221; border_color=&#8221;#ffffff&#8221; border_style=&#8221;solid&#8221; background_position=&#8221;top_left&#8221; background_repeat=&#8221;repeat&#8221; background_size=&#8221;initial&#8221;]<\/p>\n<p>Lammin talon em\u00e4nt\u00e4 auttaa sinua suunnittelemaan tilaisuuteesi sopivat ruoka- ja kahvipalvelut jo hyviss\u00e4 ajoin. Tarjolla on mm. luomu- ja l\u00e4hiruokaa. Erikoisuutena luomupihviliha, siit\u00e4 valmistetut tuotteet. Maukkaat kotitekoiset perunalaatikot, kotijuustot, kotileivotut luomuleiv\u00e4t&#8230;<\/p>\n<p>(Katso lis\u00e4\u00e4 kuvia klikkaamalla)<\/p>\n<p>[\/et_pb_blurb][\/et_pb_column][et_pb_column type=&#8221;1_2&#8243;][et_pb_gallery admin_label=&#8221;Gallery&#8221; gallery_ids=&#8221;89,84,83,90,92,91&#8243; fullwidth=&#8221;on&#8221; show_title_and_caption=&#8221;on&#8221; show_pagination=&#8221;on&#8221; background_layout=&#8221;light&#8221; auto=&#8221;off&#8221; hover_overlay_color=&#8221;rgba(255,255,255,0.9)&#8221; caption_all_caps=&#8221;off&#8221; use_border_color=&#8221;off&#8221; border_color=&#8221;#ffffff&#8221; border_style=&#8221;solid&#8221; \/][\/et_pb_column][\/et_pb_row][\/et_pb_section]<\/p>\n\n\n<p>[et_pb_section bb_built=&#8221;1&#8243; admin_label=&#8221;Section&#8221; fullwidth=&#8221;off&#8221; specialty=&#8221;off&#8221;][et_pb_row admin_label=&#8221;Row&#8221; background_position=&#8221;top_left&#8221; background_repeat=&#8221;repeat&#8221; background_size=&#8221;initial&#8221;][et_pb_column type=&#8221;1_2&#8243;][et_pb_gallery admin_label=&#8221;Gallery&#8221; gallery_ids=&#8221;76,74,71,77,73,61&#8243; fullwidth=&#8221;on&#8221; show_title_and_caption=&#8221;on&#8221; show_pagination=&#8221;on&#8221; background_layout=&#8221;light&#8221; auto=&#8221;off&#8221; hover_overlay_color=&#8221;rgba(255,255,255,0.9)&#8221; caption_all_caps=&#8221;off&#8221; use_border_color=&#8221;off&#8221; border_color=&#8221;#ffffff&#8221; border_style=&#8221;solid&#8221; \/][\/et_pb_column][et_pb_column type=&#8221;1_2&#8243;][et_pb_blurb title=&#8221;Toimivat tilat&#8221; url_new_window=&#8221;off&#8221; use_icon=&#8221;off&#8221; icon_color=&#8221;#7EBEC5&#8243; use_circle=&#8221;off&#8221; circle_color=&#8221;#7EBEC5&#8243; use_circle_border=&#8221;off&#8221; circle_border_color=&#8221;#7EBEC5&#8243; icon_placement=&#8221;top&#8221; animation=&#8221;top&#8221; background_layout=&#8221;light&#8221; text_orientation=&#8221;left&#8221; use_icon_font_size=&#8221;off&#8221; header_font=&#8221;Satisfy||||&#8221; header_font_size=&#8221;30&#8243; body_font_size=&#8221;16&#8243; body_font_size_last_edited=&#8221;on|&#8221; use_border_color=&#8221;off&#8221; border_color=&#8221;#ffffff&#8221; border_style=&#8221;solid&#8221; background_position=&#8221;top_left&#8221; background_repeat=&#8221;repeat&#8221; background_size=&#8221;initial&#8221;]<\/p>\n<p>Tarjolla on mm. uudistuneiden tilojen my\u00f6t\u00e4 tilat 150 juhla- ja kokousvieraille ymp\u00e4ri vuoden. Perhejuhlat, h\u00e4\u00e4t, kokous- ja virkistysp\u00e4iv\u00e4t, saunaillat, pikkujoulut, el\u00e4mysmatkailu jne. Tilaisuuksiin majoitukset, ruokailut ja ohjelmapalvelut kaikki samasta paikasta. Viihtyis\u00e4t makuuhuoneet tarjoavat p\u00e4iv\u00e4n p\u00e4\u00e4tteeksi rentouttavan unen.<\/p>\n<p>(Katso lis\u00e4\u00e4 kuvia klikkaamalla)<\/p>\n<p>[\/et_pb_blurb][\/et_pb_column][\/et_pb_row][\/et_pb_section]<\/p>\n\n\n\n<p>[et_pb_section bb_built=&#8221;1&#8243; admin_label=&#8221;Section&#8221; fullwidth=&#8221;off&#8221; specialty=&#8221;off&#8221;][et_pb_row admin_label=&#8221;Row&#8221; background_position=&#8221;top_left&#8221; background_repeat=&#8221;repeat&#8221; background_size=&#8221;initial&#8221;][et_pb_column type=&#8221;4_4&#8243;][et_pb_gallery admin_label=&#8221;Gallery&#8221; gallery_ids=&#8221;88,69,89,82,80,87,85&#8243; fullwidth=&#8221;on&#8221; show_title_and_caption=&#8221;on&#8221; show_pagination=&#8221;on&#8221; background_layout=&#8221;light&#8221; auto=&#8221;on&#8221; auto_speed=&#8221;2000&#8243; hover_overlay_color=&#8221;rgba(255,255,255,0.9)&#8221; caption_all_caps=&#8221;off&#8221; use_border_color=&#8221;off&#8221; border_color=&#8221;#ffffff&#8221; border_style=&#8221;solid&#8221; \/][\/et_pb_column][\/et_pb_row][\/et_pb_section]<\/p>\n\n\n<p>[et_pb_section bb_built=&#8221;1&#8243; admin_label=&#8221;Section&#8221; fullwidth=&#8221;off&#8221; specialty=&#8221;off&#8221;][et_pb_row admin_label=&#8221;Row&#8221; background_position=&#8221;top_left&#8221; background_repeat=&#8221;repeat&#8221; background_size=&#8221;initial&#8221;][et_pb_column type=&#8221;1_2&#8243;][et_pb_text admin_label=&#8221;Text&#8221; background_layout=&#8221;light&#8221; text_orientation=&#8221;left&#8221; use_border_color=&#8221;off&#8221; border_color=&#8221;#ffffff&#8221; border_style=&#8221;solid&#8221; module_alignment=&#8221;left&#8221; background_position=&#8221;top_left&#8221; background_repeat=&#8221;repeat&#8221; background_size=&#8221;initial&#8221;]<\/p>\n<p style=\"text-align: center;\">KERROMME MIELELL\u00c4MME LIS\u00c4\u00c4.<\/p>\n<p style=\"text-align: center;\">Ota yhteytt\u00e4 soittamalla tai s\u00e4hk\u00f6postilla;<br \/>\n0400 173440<br \/>\nlammintalo(at)lammintalo.com<\/p>\n<p>[\/et_pb_text][\/et_pb_column][et_pb_column type=&#8221;1_2&#8243;][et_pb_image admin_label=&#8221;Image&#8221; src=&#8221;http:\/\/lammintalo.com\/wp-content\/uploads\/2016\/08\/kirjekuori-e1472464649630.jpg&#8221; show_in_lightbox=&#8221;off&#8221; url_new_window=&#8221;off&#8221; use_overlay=&#8221;off&#8221; animation=&#8221;left&#8221; sticky=&#8221;off&#8221; align=&#8221;left&#8221; force_fullwidth=&#8221;off&#8221; always_center_on_mobile=&#8221;on&#8221; use_border_color=&#8221;off&#8221; border_color=&#8221;#ffffff&#8221; border_style=&#8221;solid&#8221; animation_direction=&#8221;left&#8221; animation_style=&#8221;slide&#8221; animation_duration=&#8221;500ms&#8221; animation_intensity_slide=&#8221;10%&#8221; \/][\/et_pb_column][\/et_pb_row][\/et_pb_section]<\/p>\n\n\n<p>\u2078[et_pb_section bb_built=&#8221;1&#8243; admin_label=&#8221;Section&#8221; fullwidth=&#8221;off&#8221; specialty=&#8221;off&#8221;][et_pb_row admin_label=&#8221;Row&#8221; background_position=&#8221;top_left&#8221; background_repeat=&#8221;repeat&#8221; background_size=&#8221;initial&#8221;][et_pb_column type=&#8221;1_2&#8243;][et_pb_text admin_label=&#8221;Text&#8221; background_layout=&#8221;light&#8221; text_orientation=&#8221;left&#8221; use_border_color=&#8221;off&#8221; border_color=&#8221;#ffffff&#8221; border_style=&#8221;solid&#8221; module_alignment=&#8221;left&#8221; background_position=&#8221;top_left&#8221; background_repeat=&#8221;repeat&#8221; background_size=&#8221;initial&#8221;]<\/p>\n<p style=\"text-align: center;\">Mariella Pyh\u00e4ranta<\/p>\n<p style=\"text-align: center;\">Lammintie 59<br \/>\n23260 Rautila<br \/>\n0400 173440<br \/>\n<img decoding=\"async\" loading=\"lazy\" width=\"212\" height=\"109\" class=\"alignnone size-full wp-image-56 aligncenter\" alt=\"logo\" src=\"http:\/\/lammintalo.com\/wp-content\/uploads\/2016\/05\/logo.png\"><br \/>\n[\/et_pb_text][\/et_pb_column][et_pb_column type=&#8221;1_2&#8243;][et_pb_image admin_label=&#8221;Image&#8221; src=&#8221;http:\/\/lammintalo.com\/wp-content\/uploads\/2016\/05\/YUN00012-2.jpg&#8221; show_in_lightbox=&#8221;off&#8221; url_new_window=&#8221;off&#8221; use_overlay=&#8221;off&#8221; animation=&#8221;right&#8221; sticky=&#8221;off&#8221; align=&#8221;left&#8221; force_fullwidth=&#8221;off&#8221; always_center_on_mobile=&#8221;on&#8221; use_border_color=&#8221;off&#8221; border_color=&#8221;#ffffff&#8221; border_style=&#8221;solid&#8221; animation_direction=&#8221;right&#8221; animation_style=&#8221;slide&#8221; animation_duration=&#8221;500ms&#8221; animation_intensity_slide=&#8221;10%&#8221; \/][\/et_pb_column][\/et_pb_row][\/et_pb_section]<\/p>\n\n\n<p>[et_pb_section bb_built=&#8221;1&#8243; admin_label=&#8221;Section&#8221; fullwidth=&#8221;on&#8221; specialty=&#8221;off&#8221;][et_pb_fullwidth_map admin_label=&#8221;Fullwidth Map&#8221; address=&#8221;Lammintie 59, 23260 Vehmaa, Suomi&#8221; address_lat=&#8221;60.620653491847676&#8243; address_lng=&#8221;21.75936822380367&#8243; mouse_wheel=&#8221;on&#8221; zoom_level=&#8221;11&#8243;]<\/p>\n<p>[et_pb_map_pin title=&#8221;Lammintie 59, 23260 Rautila, Suomi Finland&#8221; pin_address=&#8221;Lammintie 59, 23260 Vehmaa, Suomi&#8221; pin_address_lat=&#8221;60.62080349999999&#8243; pin_address_lng=&#8221;21.760140699999965&#8243;] [\/et_pb_map_pin]<\/p>\n<p>[\/et_pb_fullwidth_map][\/et_pb_section]<\/p>\n\n\n\n<p><\/p>\n","protected":false},"excerpt":{"rendered":"<p>[et_pb_section bb_built=&#8221;1&#8243; admin_label=&#8221;Section&#8221; fullwidth=&#8221;off&#8221; specialty=&#8221;off&#8221;][et_pb_row admin_label=&#8221;Row&#8221; background_position=&#8221;top_left&#8221; background_repeat=&#8221;repeat&#8221; background_size=&#8221;initial&#8221;][et_pb_column type=&#8221;4_4&#8243;][et_pb_gallery admin_label=&#8221;Gallery&#8221; gallery_ids=&#8221;88,69,89,82,80,87,85&#8243; fullwidth=&#8221;on&#8221; show_title_and_caption=&#8221;on&#8221; show_pagination=&#8221;on&#8221; background_layout=&#8221;light&#8221; auto=&#8221;on&#8221; auto_speed=&#8221;2000&#8243; hover_overlay_color=&#8221;rgba(255,255,255,0.9)&#8221; caption_all_caps=&#8221;off&#8221; use_border_color=&#8221;off&#8221; border_color=&#8221;#ffffff&#8221; border_style=&#8221;solid&#8221; \/][\/et_pb_column][\/et_pb_row][\/et_pb_section]<\/p>\n","protected":false},"author":1,"featured_media":0,"parent":0,"menu_order":0,"comment_status":"closed","ping_status":"open","template":"","meta":[],"_links":{"self":[{"href":"https:\/\/lammintalo.com\/index.php?rest_route=\/wp\/v2\/pages\/2"}],"collection":[{"href":"https:\/\/lammintalo.com\/index.php?rest_route=\/wp\/v2\/pages"}],"about":[{"href":"https:\/\/lammintalo.com\/index.php?rest_route=\/wp\/v2\/types\/page"}],"author":[{"embeddable":true,"href":"https:\/\/lammintalo.com\/index.php?rest_route=\/wp\/v2\/users\/1"}],"replies":[{"embeddable":true,"href":"https:\/\/lammintalo.com\/index.php?rest_route=%2Fwp%2Fv2%2Fcomments&post=2"}],"version-history":[{"count":59,"href":"https:\/\/lammintalo.com\/index.php?rest_route=\/wp\/v2\/pages\/2\/revisions"}],"predecessor-version":[{"id":415,"href":"https:\/\/lammintalo.com\/index.php?rest_route=\/wp\/v2\/pages\/2\/revisions\/415"}],"wp:attachment":[{"href":"https:\/\/lammintalo.com\/index.php?rest_route=%2Fwp%2Fv2%2Fmedia&parent=2"}],"curies":[{"name":"wp","href":"https:\/\/api.w.org\/{rel}","templated":true}]}}